{"id":2200,"date":"2023-08-30T10:41:25","date_gmt":"2023-08-30T13:41:25","guid":{"rendered":"https:\/\/esquemaunico.com.br\/marilia\/?page_id=2200"},"modified":"2023-08-30T10:41:28","modified_gmt":"2023-08-30T13:41:28","slug":"ensinos","status":"publish","type":"page","link":"https:\/\/esquemaunico.com.br\/marilia\/ensinos\/","title":{"rendered":"Ensinos"},"content":{"rendered":"","protected":false},"excerpt":{"rendered":"","protected":false},"author":1,"featured_media":0,"parent":0,"menu_order":0,"comment_status":"closed","ping_status":"closed","template":"templates\/page-ensinos.php","meta":{"_acf_changed":false,"footnotes":""},"class_list":["post-2200","page","type-page","status-publish","hentry"],"acf":[],"yoast_head":"<!-- This site is optimized with the Yoast SEO plugin v27.5 - https:\/\/yoast.com\/product\/yoast-seo-wordpress\/ -->\n<title>Ensinos - Esquema \u00danico<\/title>\n<meta name=\"robots\" content=\"index, follow, max-snippet:-1, max-image-preview:large, max-video-preview:-1\" \/>\n<link rel=\"canonical\" href=\"https:\/\/esquemaunico.com.br\/marilia\/ensinos\/\" \/>\n<meta property=\"og:locale\" content=\"pt_BR\" \/>\n<meta property=\"og:type\" content=\"article\" \/>\n<meta property=\"og:title\" content=\"Ensinos - Esquema \u00danico\" \/>\n<meta property=\"og:url\" content=\"https:\/\/esquemaunico.com.br\/marilia\/ensinos\/\" \/>\n<meta property=\"og:site_name\" content=\"Esquema \u00danico\" \/>\n<meta property=\"article:publisher\" content=\"https:\/\/www.facebook.com\/esquemaunico\/\" \/>\n<meta property=\"article:modified_time\" content=\"2023-08-30T13:41:28+00:00\" \/>\n<meta name=\"twitter:card\" content=\"summary_large_image\" \/>\n<script type=\"application\/ld+json\" class=\"yoast-schema-graph\">{\"@context\":\"https:\\\/\\\/schema.org\",\"@graph\":[{\"@type\":\"WebPage\",\"@id\":\"https:\\\/\\\/esquemaunico.com.br\\\/marilia\\\/ensinos\\\/\",\"url\":\"https:\\\/\\\/esquemaunico.com.br\\\/marilia\\\/ensinos\\\/\",\"name\":\"Ensinos - Esquema \u00danico\",\"isPartOf\":{\"@id\":\"https:\\\/\\\/esquemaunico.com.br\\\/marilia\\\/#website\"},\"datePublished\":\"2023-08-30T13:41:25+00:00\",\"dateModified\":\"2023-08-30T13:41:28+00:00\",\"breadcrumb\":{\"@id\":\"https:\\\/\\\/esquemaunico.com.br\\\/marilia\\\/ensinos\\\/#breadcrumb\"},\"inLanguage\":\"pt-BR\",\"potentialAction\":[{\"@type\":\"ReadAction\",\"target\":[\"https:\\\/\\\/esquemaunico.com.br\\\/marilia\\\/ensinos\\\/\"]}]},{\"@type\":\"BreadcrumbList\",\"@id\":\"https:\\\/\\\/esquemaunico.com.br\\\/marilia\\\/ensinos\\\/#breadcrumb\",\"itemListElement\":[{\"@type\":\"ListItem\",\"position\":1,\"name\":\"In\u00edcio\",\"item\":\"https:\\\/\\\/esquemaunico.com.br\\\/marilia\\\/\"},{\"@type\":\"ListItem\",\"position\":2,\"name\":\"Ensinos\"}]},{\"@type\":\"WebSite\",\"@id\":\"https:\\\/\\\/esquemaunico.com.br\\\/marilia\\\/#website\",\"url\":\"https:\\\/\\\/esquemaunico.com.br\\\/marilia\\\/\",\"name\":\"Esquema \u00danico\",\"description\":\"Col\u00e9gio Esquema \u00danico de Mar\u00edlia\",\"publisher\":{\"@id\":\"https:\\\/\\\/esquemaunico.com.br\\\/marilia\\\/#organization\"},\"potentialAction\":[{\"@type\":\"SearchAction\",\"target\":{\"@type\":\"EntryPoint\",\"urlTemplate\":\"https:\\\/\\\/esquemaunico.com.br\\\/marilia\\\/?s={search_term_string}\"},\"query-input\":{\"@type\":\"PropertyValueSpecification\",\"valueRequired\":true,\"valueName\":\"search_term_string\"}}],\"inLanguage\":\"pt-BR\"},{\"@type\":\"Organization\",\"@id\":\"https:\\\/\\\/esquemaunico.com.br\\\/marilia\\\/#organization\",\"name\":\"Esquema \u00danico\",\"url\":\"https:\\\/\\\/esquemaunico.com.br\\\/marilia\\\/\",\"logo\":{\"@type\":\"ImageObject\",\"inLanguage\":\"pt-BR\",\"@id\":\"https:\\\/\\\/esquemaunico.com.br\\\/marilia\\\/#\\\/schema\\\/logo\\\/image\\\/\",\"url\":\"https:\\\/\\\/esquemaunico.com.br\\\/marilia\\\/wp-content\\\/uploads\\\/sites\\\/2\\\/2021\\\/05\\\/logo_esquema_unico.png\",\"contentUrl\":\"https:\\\/\\\/esquemaunico.com.br\\\/marilia\\\/wp-content\\\/uploads\\\/sites\\\/2\\\/2021\\\/05\\\/logo_esquema_unico.png\",\"width\":1080,\"height\":554,\"caption\":\"Esquema \u00danico\"},\"image\":{\"@id\":\"https:\\\/\\\/esquemaunico.com.br\\\/marilia\\\/#\\\/schema\\\/logo\\\/image\\\/\"},\"sameAs\":[\"https:\\\/\\\/www.facebook.com\\\/esquemaunico\\\/\",\"https:\\\/\\\/www.instagram.com\\\/esquemaunicomarilia\\\/\"]}]}<\/script>\n<!-- \/ Yoast SEO plugin. -->","yoast_head_json":{"title":"Ensinos - Esquema \u00danico","robots":{"index":"index","follow":"follow","max-snippet":"max-snippet:-1","max-image-preview":"max-image-preview:large","max-video-preview":"max-video-preview:-1"},"canonical":"https:\/\/esquemaunico.com.br\/marilia\/ensinos\/","og_locale":"pt_BR","og_type":"article","og_title":"Ensinos - Esquema \u00danico","og_url":"https:\/\/esquemaunico.com.br\/marilia\/ensinos\/","og_site_name":"Esquema \u00danico","article_publisher":"https:\/\/www.facebook.com\/esquemaunico\/","article_modified_time":"2023-08-30T13:41:28+00:00","twitter_card":"summary_large_image","schema":{"@context":"https:\/\/schema.org","@graph":[{"@type":"WebPage","@id":"https:\/\/esquemaunico.com.br\/marilia\/ensinos\/","url":"https:\/\/esquemaunico.com.br\/marilia\/ensinos\/","name":"Ensinos - Esquema \u00danico","isPartOf":{"@id":"https:\/\/esquemaunico.com.br\/marilia\/#website"},"datePublished":"2023-08-30T13:41:25+00:00","dateModified":"2023-08-30T13:41:28+00:00","breadcrumb":{"@id":"https:\/\/esquemaunico.com.br\/marilia\/ensinos\/#breadcrumb"},"inLanguage":"pt-BR","potentialAction":[{"@type":"ReadAction","target":["https:\/\/esquemaunico.com.br\/marilia\/ensinos\/"]}]},{"@type":"BreadcrumbList","@id":"https:\/\/esquemaunico.com.br\/marilia\/ensinos\/#breadcrumb","itemListElement":[{"@type":"ListItem","position":1,"name":"In\u00edcio","item":"https:\/\/esquemaunico.com.br\/marilia\/"},{"@type":"ListItem","position":2,"name":"Ensinos"}]},{"@type":"WebSite","@id":"https:\/\/esquemaunico.com.br\/marilia\/#website","url":"https:\/\/esquemaunico.com.br\/marilia\/","name":"Esquema \u00danico","description":"Col\u00e9gio Esquema \u00danico de Mar\u00edlia","publisher":{"@id":"https:\/\/esquemaunico.com.br\/marilia\/#organization"},"potentialAction":[{"@type":"SearchAction","target":{"@type":"EntryPoint","urlTemplate":"https:\/\/esquemaunico.com.br\/marilia\/?s={search_term_string}"},"query-input":{"@type":"PropertyValueSpecification","valueRequired":true,"valueName":"search_term_string"}}],"inLanguage":"pt-BR"},{"@type":"Organization","@id":"https:\/\/esquemaunico.com.br\/marilia\/#organization","name":"Esquema \u00danico","url":"https:\/\/esquemaunico.com.br\/marilia\/","logo":{"@type":"ImageObject","inLanguage":"pt-BR","@id":"https:\/\/esquemaunico.com.br\/marilia\/#\/schema\/logo\/image\/","url":"https:\/\/esquemaunico.com.br\/marilia\/wp-content\/uploads\/sites\/2\/2021\/05\/logo_esquema_unico.png","contentUrl":"https:\/\/esquemaunico.com.br\/marilia\/wp-content\/uploads\/sites\/2\/2021\/05\/logo_esquema_unico.png","width":1080,"height":554,"caption":"Esquema \u00danico"},"image":{"@id":"https:\/\/esquemaunico.com.br\/marilia\/#\/schema\/logo\/image\/"},"sameAs":["https:\/\/www.facebook.com\/esquemaunico\/","https:\/\/www.instagram.com\/esquemaunicomarilia\/"]}]}},"jetpack_sharing_enabled":true,"_links":{"self":[{"href":"https:\/\/esquemaunico.com.br\/marilia\/wp-json\/wp\/v2\/pages\/2200","targetHints":{"allow":["GET"]}}],"collection":[{"href":"https:\/\/esquemaunico.com.br\/marilia\/wp-json\/wp\/v2\/pages"}],"about":[{"href":"https:\/\/esquemaunico.com.br\/marilia\/wp-json\/wp\/v2\/types\/page"}],"author":[{"embeddable":true,"href":"https:\/\/esquemaunico.com.br\/marilia\/wp-json\/wp\/v2\/users\/1"}],"replies":[{"embeddable":true,"href":"https:\/\/esquemaunico.com.br\/marilia\/wp-json\/wp\/v2\/comments?post=2200"}],"version-history":[{"count":1,"href":"https:\/\/esquemaunico.com.br\/marilia\/wp-json\/wp\/v2\/pages\/2200\/revisions"}],"predecessor-version":[{"id":2201,"href":"https:\/\/esquemaunico.com.br\/marilia\/wp-json\/wp\/v2\/pages\/2200\/revisions\/2201"}],"wp:attachment":[{"href":"https:\/\/esquemaunico.com.br\/marilia\/wp-json\/wp\/v2\/media?parent=2200"}],"curies":[{"name":"wp","href":"https:\/\/api.w.org\/{rel}","templated":true}]}}