{"id":170,"date":"2019-10-02T16:23:27","date_gmt":"2019-10-02T19:23:27","guid":{"rendered":"http:\/\/localhost\/esquema\/marilia\/?page_id=170"},"modified":"2024-08-19T16:59:10","modified_gmt":"2024-08-19T19:59:10","slug":"uniformes","status":"publish","type":"page","link":"https:\/\/esquemaunico.com.br\/bauru\/uniformes\/","title":{"rendered":"Uniformes"},"content":{"rendered":"\n<p>Em atualiza\u00e7\u00e3o.<\/p>\n","protected":false},"excerpt":{"rendered":"<p>Em atualiza\u00e7\u00e3o.<\/p>\n","protected":false},"author":1,"featured_media":0,"parent":0,"menu_order":0,"comment_status":"closed","ping_status":"closed","template":"templates\/page-uniformes.php","meta":{"_acf_changed":false,"footnotes":""},"class_list":["post-170","page","type-page","status-publish","hentry"],"acf":[],"yoast_head":"<!-- This site is optimized with the Yoast SEO plugin v27.4 - https:\/\/yoast.com\/product\/yoast-seo-wordpress\/ -->\n<title>Uniformes - Esquema \u00danico - Bauru<\/title>\n<meta name=\"robots\" content=\"index, follow, max-snippet:-1, max-image-preview:large, max-video-preview:-1\" \/>\n<link rel=\"canonical\" href=\"https:\/\/esquemaunico.com.br\/bauru\/uniformes\/\" \/>\n<meta property=\"og:locale\" content=\"pt_BR\" \/>\n<meta property=\"og:type\" content=\"article\" \/>\n<meta property=\"og:title\" content=\"Uniformes - Esquema \u00danico - Bauru\" \/>\n<meta property=\"og:description\" content=\"Em atualiza\u00e7\u00e3o.\" \/>\n<meta property=\"og:url\" content=\"https:\/\/esquemaunico.com.br\/bauru\/uniformes\/\" \/>\n<meta property=\"og:site_name\" content=\"Esquema \u00danico - Bauru\" \/>\n<meta property=\"article:modified_time\" content=\"2024-08-19T19:59:10+00:00\" \/>\n<meta name=\"twitter:card\" content=\"summary_large_image\" \/>\n<meta name=\"twitter:label1\" content=\"Est. tempo de leitura\" \/>\n\t<meta name=\"twitter:data1\" content=\"1 minuto\" \/>\n<script type=\"application\/ld+json\" class=\"yoast-schema-graph\">{\"@context\":\"https:\\\/\\\/schema.org\",\"@graph\":[{\"@type\":\"WebPage\",\"@id\":\"https:\\\/\\\/esquemaunico.com.br\\\/bauru\\\/uniformes\\\/\",\"url\":\"https:\\\/\\\/esquemaunico.com.br\\\/bauru\\\/uniformes\\\/\",\"name\":\"Uniformes - Esquema \u00danico - Bauru\",\"isPartOf\":{\"@id\":\"https:\\\/\\\/esquemaunico.com.br\\\/bauru\\\/#website\"},\"datePublished\":\"2019-10-02T19:23:27+00:00\",\"dateModified\":\"2024-08-19T19:59:10+00:00\",\"breadcrumb\":{\"@id\":\"https:\\\/\\\/esquemaunico.com.br\\\/bauru\\\/uniformes\\\/#breadcrumb\"},\"inLanguage\":\"pt-BR\",\"potentialAction\":[{\"@type\":\"ReadAction\",\"target\":[\"https:\\\/\\\/esquemaunico.com.br\\\/bauru\\\/uniformes\\\/\"]}]},{\"@type\":\"BreadcrumbList\",\"@id\":\"https:\\\/\\\/esquemaunico.com.br\\\/bauru\\\/uniformes\\\/#breadcrumb\",\"itemListElement\":[{\"@type\":\"ListItem\",\"position\":1,\"name\":\"In\u00edcio\",\"item\":\"https:\\\/\\\/esquemaunico.com.br\\\/bauru\\\/\"},{\"@type\":\"ListItem\",\"position\":2,\"name\":\"Uniformes\"}]},{\"@type\":\"WebSite\",\"@id\":\"https:\\\/\\\/esquemaunico.com.br\\\/bauru\\\/#website\",\"url\":\"https:\\\/\\\/esquemaunico.com.br\\\/bauru\\\/\",\"name\":\"Esquema \u00danico - Bauru\",\"description\":\"#SouMuitoMaisFelizAqui\",\"potentialAction\":[{\"@type\":\"SearchAction\",\"target\":{\"@type\":\"EntryPoint\",\"urlTemplate\":\"https:\\\/\\\/esquemaunico.com.br\\\/bauru\\\/?s={search_term_string}\"},\"query-input\":{\"@type\":\"PropertyValueSpecification\",\"valueRequired\":true,\"valueName\":\"search_term_string\"}}],\"inLanguage\":\"pt-BR\"}]}<\/script>\n<!-- \/ Yoast SEO plugin. -->","yoast_head_json":{"title":"Uniformes - Esquema \u00danico - Bauru","robots":{"index":"index","follow":"follow","max-snippet":"max-snippet:-1","max-image-preview":"max-image-preview:large","max-video-preview":"max-video-preview:-1"},"canonical":"https:\/\/esquemaunico.com.br\/bauru\/uniformes\/","og_locale":"pt_BR","og_type":"article","og_title":"Uniformes - Esquema \u00danico - Bauru","og_description":"Em atualiza\u00e7\u00e3o.","og_url":"https:\/\/esquemaunico.com.br\/bauru\/uniformes\/","og_site_name":"Esquema \u00danico - Bauru","article_modified_time":"2024-08-19T19:59:10+00:00","twitter_card":"summary_large_image","twitter_misc":{"Est. tempo de leitura":"1 minuto"},"schema":{"@context":"https:\/\/schema.org","@graph":[{"@type":"WebPage","@id":"https:\/\/esquemaunico.com.br\/bauru\/uniformes\/","url":"https:\/\/esquemaunico.com.br\/bauru\/uniformes\/","name":"Uniformes - Esquema \u00danico - Bauru","isPartOf":{"@id":"https:\/\/esquemaunico.com.br\/bauru\/#website"},"datePublished":"2019-10-02T19:23:27+00:00","dateModified":"2024-08-19T19:59:10+00:00","breadcrumb":{"@id":"https:\/\/esquemaunico.com.br\/bauru\/uniformes\/#breadcrumb"},"inLanguage":"pt-BR","potentialAction":[{"@type":"ReadAction","target":["https:\/\/esquemaunico.com.br\/bauru\/uniformes\/"]}]},{"@type":"BreadcrumbList","@id":"https:\/\/esquemaunico.com.br\/bauru\/uniformes\/#breadcrumb","itemListElement":[{"@type":"ListItem","position":1,"name":"In\u00edcio","item":"https:\/\/esquemaunico.com.br\/bauru\/"},{"@type":"ListItem","position":2,"name":"Uniformes"}]},{"@type":"WebSite","@id":"https:\/\/esquemaunico.com.br\/bauru\/#website","url":"https:\/\/esquemaunico.com.br\/bauru\/","name":"Esquema \u00danico - Bauru","description":"#SouMuitoMaisFelizAqui","potentialAction":[{"@type":"SearchAction","target":{"@type":"EntryPoint","urlTemplate":"https:\/\/esquemaunico.com.br\/bauru\/?s={search_term_string}"},"query-input":{"@type":"PropertyValueSpecification","valueRequired":true,"valueName":"search_term_string"}}],"inLanguage":"pt-BR"}]}},"jetpack_sharing_enabled":true,"_links":{"self":[{"href":"https:\/\/esquemaunico.com.br\/bauru\/wp-json\/wp\/v2\/pages\/170","targetHints":{"allow":["GET"]}}],"collection":[{"href":"https:\/\/esquemaunico.com.br\/bauru\/wp-json\/wp\/v2\/pages"}],"about":[{"href":"https:\/\/esquemaunico.com.br\/bauru\/wp-json\/wp\/v2\/types\/page"}],"author":[{"embeddable":true,"href":"https:\/\/esquemaunico.com.br\/bauru\/wp-json\/wp\/v2\/users\/1"}],"replies":[{"embeddable":true,"href":"https:\/\/esquemaunico.com.br\/bauru\/wp-json\/wp\/v2\/comments?post=170"}],"version-history":[{"count":2,"href":"https:\/\/esquemaunico.com.br\/bauru\/wp-json\/wp\/v2\/pages\/170\/revisions"}],"predecessor-version":[{"id":2496,"href":"https:\/\/esquemaunico.com.br\/bauru\/wp-json\/wp\/v2\/pages\/170\/revisions\/2496"}],"wp:attachment":[{"href":"https:\/\/esquemaunico.com.br\/bauru\/wp-json\/wp\/v2\/media?parent=170"}],"curies":[{"name":"wp","href":"https:\/\/api.w.org\/{rel}","templated":true}]}}