{"id":1502,"date":"2020-03-02T14:08:32","date_gmt":"2020-03-02T17:08:32","guid":{"rendered":"https:\/\/esquemaunico.com.br\/bauru\/?page_id=1502"},"modified":"2020-03-02T14:12:44","modified_gmt":"2020-03-02T17:12:44","slug":"tutorial-master-escola","status":"publish","type":"page","link":"https:\/\/esquemaunico.com.br\/bauru\/tutorial-master-escola\/","title":{"rendered":"Tutorial Master Escola"},"content":{"rendered":"\n<p>De modo a facilitar o acompanhamento da vida acad\u00eamica do aluno,&nbsp;o Col\u00e9gio Esquema \u00danico apresenta este&nbsp;tutorial que&nbsp;visa explicar como funciona o&nbsp;acesso e a utiliza\u00e7\u00e3o do Portal e do Aplicativo Master Escola.&nbsp;\u00c9 por meio desses recursos que os alunos, pais ou respons\u00e1veis podem obter&nbsp;informa\u00e7\u00f5es&nbsp;sobre o boletim de notas e frequ\u00eancia, os conte\u00fados das aulas, as tarefas, as ocorr\u00eancias, os recados e os agendamentos da&nbsp;rotina escolar.&nbsp;&nbsp; <\/p>\n","protected":false},"excerpt":{"rendered":"<p>De modo a facilitar o acompanhamento da vida acad\u00eamica do aluno,&nbsp;o Col\u00e9gio Esquema \u00danico apresenta este&nbsp;tutorial que&nbsp;visa explicar como funciona o&nbsp;acesso e a utiliza\u00e7\u00e3o do Portal e do Aplicativo Master Escola.&nbsp;\u00c9 por meio desses recursos que os alunos, pais ou respons\u00e1veis podem obter&nbsp;informa\u00e7\u00f5es&nbsp;sobre o boletim de notas e frequ\u00eancia, os conte\u00fados das aulas, as tarefas, [&hellip;]<\/p>\n","protected":false},"author":1,"featured_media":0,"parent":0,"menu_order":0,"comment_status":"closed","ping_status":"closed","template":"templates\/page-tutorial.php","meta":{"_acf_changed":false,"footnotes":""},"class_list":["post-1502","page","type-page","status-publish","hentry"],"acf":[],"yoast_head":"<!-- This site is optimized with the Yoast SEO plugin v27.4 - https:\/\/yoast.com\/product\/yoast-seo-wordpress\/ -->\n<title>Tutorial Master Escola - Esquema \u00danico - Bauru<\/title>\n<meta name=\"robots\" content=\"index, follow, max-snippet:-1, max-image-preview:large, max-video-preview:-1\" \/>\n<link rel=\"canonical\" href=\"https:\/\/esquemaunico.com.br\/bauru\/tutorial-master-escola\/\" \/>\n<meta property=\"og:locale\" content=\"pt_BR\" \/>\n<meta property=\"og:type\" content=\"article\" \/>\n<meta property=\"og:title\" content=\"Tutorial Master Escola - Esquema \u00danico - Bauru\" \/>\n<meta property=\"og:description\" content=\"De modo a facilitar o acompanhamento da vida acad\u00eamica do aluno,&nbsp;o Col\u00e9gio Esquema \u00danico apresenta este&nbsp;tutorial que&nbsp;visa explicar como funciona o&nbsp;acesso e a utiliza\u00e7\u00e3o do Portal e do Aplicativo Master Escola.&nbsp;\u00c9 por meio desses recursos que os alunos, pais ou respons\u00e1veis podem obter&nbsp;informa\u00e7\u00f5es&nbsp;sobre o boletim de notas e frequ\u00eancia, os conte\u00fados das aulas, as tarefas, [&hellip;]\" \/>\n<meta property=\"og:url\" content=\"https:\/\/esquemaunico.com.br\/bauru\/tutorial-master-escola\/\" \/>\n<meta property=\"og:site_name\" content=\"Esquema \u00danico - Bauru\" \/>\n<meta property=\"article:modified_time\" content=\"2020-03-02T17:12:44+00:00\" \/>\n<meta name=\"twitter:card\" content=\"summary_large_image\" \/>\n<script type=\"application\/ld+json\" class=\"yoast-schema-graph\">{\"@context\":\"https:\\\/\\\/schema.org\",\"@graph\":[{\"@type\":\"WebPage\",\"@id\":\"https:\\\/\\\/esquemaunico.com.br\\\/bauru\\\/tutorial-master-escola\\\/\",\"url\":\"https:\\\/\\\/esquemaunico.com.br\\\/bauru\\\/tutorial-master-escola\\\/\",\"name\":\"Tutorial Master Escola - Esquema \u00danico - Bauru\",\"isPartOf\":{\"@id\":\"https:\\\/\\\/esquemaunico.com.br\\\/bauru\\\/#website\"},\"datePublished\":\"2020-03-02T17:08:32+00:00\",\"dateModified\":\"2020-03-02T17:12:44+00:00\",\"breadcrumb\":{\"@id\":\"https:\\\/\\\/esquemaunico.com.br\\\/bauru\\\/tutorial-master-escola\\\/#breadcrumb\"},\"inLanguage\":\"pt-BR\",\"potentialAction\":[{\"@type\":\"ReadAction\",\"target\":[\"https:\\\/\\\/esquemaunico.com.br\\\/bauru\\\/tutorial-master-escola\\\/\"]}]},{\"@type\":\"BreadcrumbList\",\"@id\":\"https:\\\/\\\/esquemaunico.com.br\\\/bauru\\\/tutorial-master-escola\\\/#breadcrumb\",\"itemListElement\":[{\"@type\":\"ListItem\",\"position\":1,\"name\":\"In\u00edcio\",\"item\":\"https:\\\/\\\/esquemaunico.com.br\\\/bauru\\\/\"},{\"@type\":\"ListItem\",\"position\":2,\"name\":\"Tutorial Master Escola\"}]},{\"@type\":\"WebSite\",\"@id\":\"https:\\\/\\\/esquemaunico.com.br\\\/bauru\\\/#website\",\"url\":\"https:\\\/\\\/esquemaunico.com.br\\\/bauru\\\/\",\"name\":\"Esquema \u00danico - Bauru\",\"description\":\"#SouMuitoMaisFelizAqui\",\"potentialAction\":[{\"@type\":\"SearchAction\",\"target\":{\"@type\":\"EntryPoint\",\"urlTemplate\":\"https:\\\/\\\/esquemaunico.com.br\\\/bauru\\\/?s={search_term_string}\"},\"query-input\":{\"@type\":\"PropertyValueSpecification\",\"valueRequired\":true,\"valueName\":\"search_term_string\"}}],\"inLanguage\":\"pt-BR\"}]}<\/script>\n<!-- \/ Yoast SEO plugin. -->","yoast_head_json":{"title":"Tutorial Master Escola - Esquema \u00danico - Bauru","robots":{"index":"index","follow":"follow","max-snippet":"max-snippet:-1","max-image-preview":"max-image-preview:large","max-video-preview":"max-video-preview:-1"},"canonical":"https:\/\/esquemaunico.com.br\/bauru\/tutorial-master-escola\/","og_locale":"pt_BR","og_type":"article","og_title":"Tutorial Master Escola - Esquema \u00danico - Bauru","og_description":"De modo a facilitar o acompanhamento da vida acad\u00eamica do aluno,&nbsp;o Col\u00e9gio Esquema \u00danico apresenta este&nbsp;tutorial que&nbsp;visa explicar como funciona o&nbsp;acesso e a utiliza\u00e7\u00e3o do Portal e do Aplicativo Master Escola.&nbsp;\u00c9 por meio desses recursos que os alunos, pais ou respons\u00e1veis podem obter&nbsp;informa\u00e7\u00f5es&nbsp;sobre o boletim de notas e frequ\u00eancia, os conte\u00fados das aulas, as tarefas, [&hellip;]","og_url":"https:\/\/esquemaunico.com.br\/bauru\/tutorial-master-escola\/","og_site_name":"Esquema \u00danico - Bauru","article_modified_time":"2020-03-02T17:12:44+00:00","twitter_card":"summary_large_image","schema":{"@context":"https:\/\/schema.org","@graph":[{"@type":"WebPage","@id":"https:\/\/esquemaunico.com.br\/bauru\/tutorial-master-escola\/","url":"https:\/\/esquemaunico.com.br\/bauru\/tutorial-master-escola\/","name":"Tutorial Master Escola - Esquema \u00danico - Bauru","isPartOf":{"@id":"https:\/\/esquemaunico.com.br\/bauru\/#website"},"datePublished":"2020-03-02T17:08:32+00:00","dateModified":"2020-03-02T17:12:44+00:00","breadcrumb":{"@id":"https:\/\/esquemaunico.com.br\/bauru\/tutorial-master-escola\/#breadcrumb"},"inLanguage":"pt-BR","potentialAction":[{"@type":"ReadAction","target":["https:\/\/esquemaunico.com.br\/bauru\/tutorial-master-escola\/"]}]},{"@type":"BreadcrumbList","@id":"https:\/\/esquemaunico.com.br\/bauru\/tutorial-master-escola\/#breadcrumb","itemListElement":[{"@type":"ListItem","position":1,"name":"In\u00edcio","item":"https:\/\/esquemaunico.com.br\/bauru\/"},{"@type":"ListItem","position":2,"name":"Tutorial Master Escola"}]},{"@type":"WebSite","@id":"https:\/\/esquemaunico.com.br\/bauru\/#website","url":"https:\/\/esquemaunico.com.br\/bauru\/","name":"Esquema \u00danico - Bauru","description":"#SouMuitoMaisFelizAqui","potentialAction":[{"@type":"SearchAction","target":{"@type":"EntryPoint","urlTemplate":"https:\/\/esquemaunico.com.br\/bauru\/?s={search_term_string}"},"query-input":{"@type":"PropertyValueSpecification","valueRequired":true,"valueName":"search_term_string"}}],"inLanguage":"pt-BR"}]}},"jetpack_sharing_enabled":true,"_links":{"self":[{"href":"https:\/\/esquemaunico.com.br\/bauru\/wp-json\/wp\/v2\/pages\/1502","targetHints":{"allow":["GET"]}}],"collection":[{"href":"https:\/\/esquemaunico.com.br\/bauru\/wp-json\/wp\/v2\/pages"}],"about":[{"href":"https:\/\/esquemaunico.com.br\/bauru\/wp-json\/wp\/v2\/types\/page"}],"author":[{"embeddable":true,"href":"https:\/\/esquemaunico.com.br\/bauru\/wp-json\/wp\/v2\/users\/1"}],"replies":[{"embeddable":true,"href":"https:\/\/esquemaunico.com.br\/bauru\/wp-json\/wp\/v2\/comments?post=1502"}],"version-history":[{"count":3,"href":"https:\/\/esquemaunico.com.br\/bauru\/wp-json\/wp\/v2\/pages\/1502\/revisions"}],"predecessor-version":[{"id":1507,"href":"https:\/\/esquemaunico.com.br\/bauru\/wp-json\/wp\/v2\/pages\/1502\/revisions\/1507"}],"wp:attachment":[{"href":"https:\/\/esquemaunico.com.br\/bauru\/wp-json\/wp\/v2\/media?parent=1502"}],"curies":[{"name":"wp","href":"https:\/\/api.w.org\/{rel}","templated":true}]}}