{"id":1476,"date":"2020-02-27T10:37:31","date_gmt":"2020-02-27T13:37:31","guid":{"rendered":"https:\/\/esquemaunico.com.br\/bauru\/?page_id=1476"},"modified":"2022-01-31T14:18:11","modified_gmt":"2022-01-31T17:18:11","slug":"manual-do-aluno","status":"publish","type":"page","link":"https:\/\/esquemaunico.com.br\/bauru\/manual-do-aluno\/","title":{"rendered":"Manual do Aluno"},"content":{"rendered":"\n<p>De modo a facilitar o entendimento da vida acad\u00eamica e a\nparticipa\u00e7\u00e3o de todos os envolvidos no processo educacional, o Col\u00e9gio Esquema\n\u00danico apresenta este manual que\ndescreve e orienta de maneira simples e objetiva, os procedimentos acad\u00eamicos e\nadministrativos a serem adotados no desenvolvimento das atividades escolares\nnesta respeitosa institui\u00e7\u00e3o.<\/p>\n\n\n\n<p>Nosso objetivo \u00e9\nauxili\u00e1-lo com um resumo das principais informa\u00e7\u00f5es, diretrizes e procedimentos,\nal\u00e9m de refor\u00e7ar o di\u00e1logo j\u00e1 existente com a coordena\u00e7\u00e3o e dire\u00e7\u00e3o.<\/p>\n\n\n\n<p>Neste manual \u00e9\nposs\u00edvel encontrar informa\u00e7\u00f5es sobre a estrutura acad\u00eamica e administrativa da\nescola, os hor\u00e1rios e frequ\u00eancia das aulas, informa\u00e7\u00f5es sobre o uso do\nuniforme, regras, deveres e obriga\u00e7\u00f5es dos alunos, sistema e instrumentos\navaliativos, processos de recupera\u00e7\u00e3o e segunda chamada da provas, servi\u00e7os\nescolares, expediente da secret\u00e1ria, cantina, entre outros.<\/p>\n\n\n\n<p>Leia-o atentamente\nem sua totalidade, n\u00e3o julgando a relev\u00e2ncia de um item apenas pelo t\u00edtulo. Em\ncaso de d\u00favidas, procure informa\u00e7\u00e3o junto \u00e0 coordena\u00e7\u00e3o ou dire\u00e7\u00e3o da escola.<\/p>\n","protected":false},"excerpt":{"rendered":"<p>De modo a facilitar o entendimento da vida acad\u00eamica e a participa\u00e7\u00e3o de todos os envolvidos no processo educacional, o Col\u00e9gio Esquema \u00danico apresenta este manual que descreve e orienta de maneira simples e objetiva, os procedimentos acad\u00eamicos e administrativos a serem adotados no desenvolvimento das atividades escolares nesta respeitosa institui\u00e7\u00e3o. Nosso objetivo \u00e9 auxili\u00e1-lo [&hellip;]<\/p>\n","protected":false},"author":1,"featured_media":0,"parent":0,"menu_order":0,"comment_status":"closed","ping_status":"closed","template":"templates\/page-manual.php","meta":{"_acf_changed":false,"footnotes":""},"class_list":["post-1476","page","type-page","status-publish","hentry"],"acf":[],"yoast_head":"<!-- This site is optimized with the Yoast SEO plugin v27.4 - https:\/\/yoast.com\/product\/yoast-seo-wordpress\/ -->\n<title>Manual do Aluno - Esquema \u00danico - Bauru<\/title>\n<meta name=\"robots\" content=\"index, follow, max-snippet:-1, max-image-preview:large, max-video-preview:-1\" \/>\n<link rel=\"canonical\" href=\"https:\/\/esquemaunico.com.br\/bauru\/manual-do-aluno\/\" \/>\n<meta property=\"og:locale\" content=\"pt_BR\" \/>\n<meta property=\"og:type\" content=\"article\" \/>\n<meta property=\"og:title\" content=\"Manual do Aluno - Esquema \u00danico - Bauru\" \/>\n<meta property=\"og:description\" content=\"De modo a facilitar o entendimento da vida acad\u00eamica e a participa\u00e7\u00e3o de todos os envolvidos no processo educacional, o Col\u00e9gio Esquema \u00danico apresenta este manual que descreve e orienta de maneira simples e objetiva, os procedimentos acad\u00eamicos e administrativos a serem adotados no desenvolvimento das atividades escolares nesta respeitosa institui\u00e7\u00e3o. Nosso objetivo \u00e9 auxili\u00e1-lo [&hellip;]\" \/>\n<meta property=\"og:url\" content=\"https:\/\/esquemaunico.com.br\/bauru\/manual-do-aluno\/\" \/>\n<meta property=\"og:site_name\" content=\"Esquema \u00danico - Bauru\" \/>\n<meta property=\"article:modified_time\" content=\"2022-01-31T17:18:11+00:00\" \/>\n<meta name=\"twitter:card\" content=\"summary_large_image\" \/>\n<meta name=\"twitter:label1\" content=\"Est. tempo de leitura\" \/>\n\t<meta name=\"twitter:data1\" content=\"1 minuto\" \/>\n<script type=\"application\/ld+json\" class=\"yoast-schema-graph\">{\"@context\":\"https:\\\/\\\/schema.org\",\"@graph\":[{\"@type\":\"WebPage\",\"@id\":\"https:\\\/\\\/esquemaunico.com.br\\\/bauru\\\/manual-do-aluno\\\/\",\"url\":\"https:\\\/\\\/esquemaunico.com.br\\\/bauru\\\/manual-do-aluno\\\/\",\"name\":\"Manual do Aluno - Esquema \u00danico - Bauru\",\"isPartOf\":{\"@id\":\"https:\\\/\\\/esquemaunico.com.br\\\/bauru\\\/#website\"},\"datePublished\":\"2020-02-27T13:37:31+00:00\",\"dateModified\":\"2022-01-31T17:18:11+00:00\",\"breadcrumb\":{\"@id\":\"https:\\\/\\\/esquemaunico.com.br\\\/bauru\\\/manual-do-aluno\\\/#breadcrumb\"},\"inLanguage\":\"pt-BR\",\"potentialAction\":[{\"@type\":\"ReadAction\",\"target\":[\"https:\\\/\\\/esquemaunico.com.br\\\/bauru\\\/manual-do-aluno\\\/\"]}]},{\"@type\":\"BreadcrumbList\",\"@id\":\"https:\\\/\\\/esquemaunico.com.br\\\/bauru\\\/manual-do-aluno\\\/#breadcrumb\",\"itemListElement\":[{\"@type\":\"ListItem\",\"position\":1,\"name\":\"In\u00edcio\",\"item\":\"https:\\\/\\\/esquemaunico.com.br\\\/bauru\\\/\"},{\"@type\":\"ListItem\",\"position\":2,\"name\":\"Manual do Aluno\"}]},{\"@type\":\"WebSite\",\"@id\":\"https:\\\/\\\/esquemaunico.com.br\\\/bauru\\\/#website\",\"url\":\"https:\\\/\\\/esquemaunico.com.br\\\/bauru\\\/\",\"name\":\"Esquema \u00danico - Bauru\",\"description\":\"#SouMuitoMaisFelizAqui\",\"potentialAction\":[{\"@type\":\"SearchAction\",\"target\":{\"@type\":\"EntryPoint\",\"urlTemplate\":\"https:\\\/\\\/esquemaunico.com.br\\\/bauru\\\/?s={search_term_string}\"},\"query-input\":{\"@type\":\"PropertyValueSpecification\",\"valueRequired\":true,\"valueName\":\"search_term_string\"}}],\"inLanguage\":\"pt-BR\"}]}<\/script>\n<!-- \/ Yoast SEO plugin. -->","yoast_head_json":{"title":"Manual do Aluno - Esquema \u00danico - Bauru","robots":{"index":"index","follow":"follow","max-snippet":"max-snippet:-1","max-image-preview":"max-image-preview:large","max-video-preview":"max-video-preview:-1"},"canonical":"https:\/\/esquemaunico.com.br\/bauru\/manual-do-aluno\/","og_locale":"pt_BR","og_type":"article","og_title":"Manual do Aluno - Esquema \u00danico - Bauru","og_description":"De modo a facilitar o entendimento da vida acad\u00eamica e a participa\u00e7\u00e3o de todos os envolvidos no processo educacional, o Col\u00e9gio Esquema \u00danico apresenta este manual que descreve e orienta de maneira simples e objetiva, os procedimentos acad\u00eamicos e administrativos a serem adotados no desenvolvimento das atividades escolares nesta respeitosa institui\u00e7\u00e3o. Nosso objetivo \u00e9 auxili\u00e1-lo [&hellip;]","og_url":"https:\/\/esquemaunico.com.br\/bauru\/manual-do-aluno\/","og_site_name":"Esquema \u00danico - Bauru","article_modified_time":"2022-01-31T17:18:11+00:00","twitter_card":"summary_large_image","twitter_misc":{"Est. tempo de leitura":"1 minuto"},"schema":{"@context":"https:\/\/schema.org","@graph":[{"@type":"WebPage","@id":"https:\/\/esquemaunico.com.br\/bauru\/manual-do-aluno\/","url":"https:\/\/esquemaunico.com.br\/bauru\/manual-do-aluno\/","name":"Manual do Aluno - Esquema \u00danico - Bauru","isPartOf":{"@id":"https:\/\/esquemaunico.com.br\/bauru\/#website"},"datePublished":"2020-02-27T13:37:31+00:00","dateModified":"2022-01-31T17:18:11+00:00","breadcrumb":{"@id":"https:\/\/esquemaunico.com.br\/bauru\/manual-do-aluno\/#breadcrumb"},"inLanguage":"pt-BR","potentialAction":[{"@type":"ReadAction","target":["https:\/\/esquemaunico.com.br\/bauru\/manual-do-aluno\/"]}]},{"@type":"BreadcrumbList","@id":"https:\/\/esquemaunico.com.br\/bauru\/manual-do-aluno\/#breadcrumb","itemListElement":[{"@type":"ListItem","position":1,"name":"In\u00edcio","item":"https:\/\/esquemaunico.com.br\/bauru\/"},{"@type":"ListItem","position":2,"name":"Manual do Aluno"}]},{"@type":"WebSite","@id":"https:\/\/esquemaunico.com.br\/bauru\/#website","url":"https:\/\/esquemaunico.com.br\/bauru\/","name":"Esquema \u00danico - Bauru","description":"#SouMuitoMaisFelizAqui","potentialAction":[{"@type":"SearchAction","target":{"@type":"EntryPoint","urlTemplate":"https:\/\/esquemaunico.com.br\/bauru\/?s={search_term_string}"},"query-input":{"@type":"PropertyValueSpecification","valueRequired":true,"valueName":"search_term_string"}}],"inLanguage":"pt-BR"}]}},"jetpack_sharing_enabled":true,"_links":{"self":[{"href":"https:\/\/esquemaunico.com.br\/bauru\/wp-json\/wp\/v2\/pages\/1476","targetHints":{"allow":["GET"]}}],"collection":[{"href":"https:\/\/esquemaunico.com.br\/bauru\/wp-json\/wp\/v2\/pages"}],"about":[{"href":"https:\/\/esquemaunico.com.br\/bauru\/wp-json\/wp\/v2\/types\/page"}],"author":[{"embeddable":true,"href":"https:\/\/esquemaunico.com.br\/bauru\/wp-json\/wp\/v2\/users\/1"}],"replies":[{"embeddable":true,"href":"https:\/\/esquemaunico.com.br\/bauru\/wp-json\/wp\/v2\/comments?post=1476"}],"version-history":[{"count":3,"href":"https:\/\/esquemaunico.com.br\/bauru\/wp-json\/wp\/v2\/pages\/1476\/revisions"}],"predecessor-version":[{"id":2259,"href":"https:\/\/esquemaunico.com.br\/bauru\/wp-json\/wp\/v2\/pages\/1476\/revisions\/2259"}],"wp:attachment":[{"href":"https:\/\/esquemaunico.com.br\/bauru\/wp-json\/wp\/v2\/media?parent=1476"}],"curies":[{"name":"wp","href":"https:\/\/api.w.org\/{rel}","templated":true}]}}