{"id":1309,"date":"2019-11-11T18:09:53","date_gmt":"2019-11-11T20:09:53","guid":{"rendered":"https:\/\/esquemaunico.com.br\/bauru\/?page_id=1309"},"modified":"2019-11-11T18:09:54","modified_gmt":"2019-11-11T20:09:54","slug":"normas-internas","status":"publish","type":"page","link":"https:\/\/esquemaunico.com.br\/bauru\/normas-internas\/","title":{"rendered":"Normas Internas"},"content":{"rendered":"\n<p>De acordoco com o Regimento Escolar devidamente homologado junto \u00e0 Diretoria de Ensino de Bauru\/SP:<\/p>\n\n\n\n<p><strong>Artigo 43 &#8211;&nbsp;<\/strong>S\u00e3o direitos do aluno:<\/p>\n\n\n\n<ol class=\"wp-block-list\"><li><strong>I.&nbsp;&nbsp;&nbsp;&nbsp;&nbsp;&nbsp;&nbsp;&nbsp;&nbsp;&nbsp;&nbsp;<\/strong>ter asseguradas as condi\u00e7\u00f5es necess\u00e1rias ao desenvolvimento de suas potencialidades na perspectiva social e individual;<\/li><li><strong>II.&nbsp;&nbsp;&nbsp;&nbsp;&nbsp;&nbsp;&nbsp;&nbsp;&nbsp;&nbsp;<\/strong>ter acesso \u00e0 cultura do seu povo e de sua \u00e9poca hist\u00f3rica;<\/li><li><strong>III.&nbsp;&nbsp;&nbsp;&nbsp;&nbsp;&nbsp;&nbsp;&nbsp;<\/strong>ter respeitada a sua hist\u00f3ria de vida e as caracter\u00edsticas sociais e hist\u00f3ricas da comunidade em que vive;<\/li><li><strong>IV.&nbsp;&nbsp;&nbsp;&nbsp;&nbsp;&nbsp;&nbsp;<\/strong>ter asseguradas condi\u00e7\u00f5es para constru\u00e7\u00e3o do seu conhecimento e para aquisi\u00e7\u00e3o dos conceitos b\u00e1sicos e essenciais aos diferentes componentes curriculares, devendo ser-lhe propiciada assist\u00eancia por parte do professor e acesso aos recursos materiais e did\u00e1ticos;<\/li><li><strong>V.&nbsp;&nbsp;&nbsp;&nbsp;&nbsp;&nbsp;&nbsp;&nbsp;&nbsp;<\/strong>ser avaliado de forma coerente com a proposta pedag\u00f3gica da Escola;<\/li><li><strong>VI.&nbsp;&nbsp;&nbsp;&nbsp;&nbsp;&nbsp;&nbsp;<\/strong>recorrer ap\u00f3s a publica\u00e7\u00e3o oficial pela Secretaria, dos resultados da avalia\u00e7\u00e3o de seu desempenho, sendo-lhe facultadas e garantidas explica\u00e7\u00f5es e justificativas do seu aproveitamento escolar;<\/li><li><strong>VII.&nbsp;&nbsp;&nbsp;&nbsp;&nbsp;&nbsp;<\/strong>gozar de equidade de tratamento, sem distin\u00e7\u00e3o ou discrimina\u00e7\u00e3o de qualquer natureza;<\/li><li><strong>VIII.&nbsp;&nbsp;&nbsp;&nbsp;<\/strong>utilizar as instala\u00e7\u00f5es da Escola nos hor\u00e1rios estabelecidos e segundo programa\u00e7\u00f5es previamente combinadas.<\/li><\/ol>\n\n\n\n<p><strong>Artigo 44 &#8211;&nbsp;<\/strong>S\u00e3o deveres do aluno:<\/p>\n\n\n\n<ol class=\"wp-block-list\"><li><strong>I.&nbsp;&nbsp;&nbsp;&nbsp;&nbsp;&nbsp;&nbsp;&nbsp;&nbsp;&nbsp;&nbsp;<\/strong>contribuir, em sua esfera de atua\u00e7\u00e3o, para o prest\u00edgio da Escola;<ol><li><strong>II.&nbsp;&nbsp;&nbsp;&nbsp;&nbsp;&nbsp;&nbsp;&nbsp;&nbsp;&nbsp;<\/strong>comparecer pontual e assiduamente \u00e0s aulas e outras atividades escolares, justificando eventuais aus\u00eancias;<\/li><li><strong>III.&nbsp;&nbsp;&nbsp;&nbsp;&nbsp;&nbsp;&nbsp;&nbsp;<\/strong>colaborar na conserva\u00e7\u00e3o das depend\u00eancias, instala\u00e7\u00f5es e mobili\u00e1rio da Escola, responsabilizando-se pelos preju\u00edzos que causar;<\/li><li><strong>IV.&nbsp;&nbsp;&nbsp;&nbsp;&nbsp;&nbsp;&nbsp;<\/strong>portar-se convenientemente, de acordo com os padr\u00f5es normais de bons costumes de nossa sociedade, no ambiente escolar e fora dele;<\/li><li><strong>V.&nbsp;&nbsp;&nbsp;&nbsp;&nbsp;&nbsp;&nbsp;&nbsp;&nbsp;<\/strong>usar de honestidade na execu\u00e7\u00e3o de provas, trabalhos, exerc\u00edcios e demais instrumentos de avalia\u00e7\u00e3o do rendimento escolar;<\/li><li><strong>VI.&nbsp;&nbsp;&nbsp;&nbsp;&nbsp;&nbsp;&nbsp;<\/strong>tratar colegas, professores e funcion\u00e1rios da Escola com civilidade e respeito;<\/li><li><strong>VII.&nbsp;&nbsp;&nbsp;&nbsp;&nbsp;&nbsp;<\/strong>submeter \u00e0 aprova\u00e7\u00e3o da Coordena\u00e7\u00e3o Pedag\u00f3gica e da Dire\u00e7\u00e3o a realiza\u00e7\u00e3o de atividades de iniciativa pessoal ou de grupos, nas depend\u00eancias da Escola;<\/li><li><strong>VIII.&nbsp;&nbsp;&nbsp;&nbsp;<\/strong>portar-se de modo a fortalecer o esp\u00edrito patri\u00f3tico e a responsabilidade democr\u00e1tica;<\/li><li><strong>IX.&nbsp;&nbsp;&nbsp;&nbsp;&nbsp;&nbsp;&nbsp;<\/strong>acatar a autoridade do Diretor da Escola, dos membros da equipe T\u00e9cnico-Administrativa, dos professores e de todo o pessoal envolvido no trabalho escolar;<\/li><li><strong>X.&nbsp;&nbsp;&nbsp;&nbsp;&nbsp;&nbsp;&nbsp;&nbsp;&nbsp;<\/strong>respeitar as normas internas da Escola e colaborar para que outros as respeitem;<\/li><li><strong>XI.&nbsp;&nbsp;&nbsp;&nbsp;&nbsp;&nbsp;&nbsp;<\/strong>apresentar-se decentemente trajado no recinto escolar;<\/li><li><strong>XII.&nbsp;&nbsp;&nbsp;&nbsp;&nbsp;&nbsp;<\/strong>portar a identifica\u00e7\u00e3o escolar quando adotada pela Escola e apresent\u00e1-la quando exigida;<\/li><li><strong>XIII.&nbsp;&nbsp;&nbsp;&nbsp;<\/strong>justificar as sa\u00eddas no hor\u00e1rio regular, se maiores de idade, e apresentar autoriza\u00e7\u00e3o dos respons\u00e1veis, se menores de idade;<\/li><li><strong>XIV.&nbsp;&nbsp;&nbsp;<\/strong>fornecer \u00e0 Escola toda a documenta\u00e7\u00e3o de que disp\u00f5e pr\u00f3prias aos registros de sua vida escolar, quando ingressar.<\/li><\/ol><\/li><\/ol>\n\n\n\n<p>&nbsp;<strong>Artigo 45 &#8211;<\/strong>&nbsp;Ao aluno \u00e9 vedado: &nbsp; &nbsp;<\/p>\n\n\n\n<ol class=\"wp-block-list\"><li><strong>I.&nbsp;&nbsp;&nbsp;&nbsp;&nbsp;&nbsp;&nbsp;&nbsp;&nbsp;&nbsp;&nbsp;<\/strong>empenhar-se em luta corporal, praticar atos turbulentos e participar de algazarras nas depend\u00eancias da Unidade Escolar;<\/li><li><strong>II.&nbsp;&nbsp;&nbsp;&nbsp;&nbsp;&nbsp;&nbsp;&nbsp;&nbsp;&nbsp;<\/strong>usar linguagem impr\u00f3pria, praticar atos indecorosos ou ter em seu poder material considerado nocivo \u00e0 moral e aos bons costumes;<\/li><li><strong>III.&nbsp;&nbsp;&nbsp;&nbsp;&nbsp;&nbsp;&nbsp;&nbsp;<\/strong>promover coletas, subscri\u00e7\u00f5es ou outros tipos de campanhas, utilizando-se do nome da Unidade Escolar;<\/li><li><strong>IV.&nbsp;&nbsp;&nbsp;&nbsp;&nbsp;&nbsp;&nbsp;<\/strong>dar publicidade ou distribuir boletins sobre assuntos que envolvam a Unidade Escolar sob qualquer aspecto, sem a devida autoriza\u00e7\u00e3o;<\/li><li><strong>V.&nbsp;&nbsp;&nbsp;&nbsp;&nbsp;&nbsp;&nbsp;&nbsp;&nbsp;<\/strong>praticar jogos de azar nas depend\u00eancias da Unidade Escolar;<\/li><li><strong>VI.&nbsp;&nbsp;&nbsp;&nbsp;&nbsp;&nbsp;&nbsp;<\/strong>guardar ou trazer consigo bebidas alco\u00f3licas, substancias entorpecentes ou que determinem depend\u00eancia f\u00edsica ou ps\u00edquica, sem autoriza\u00e7\u00e3o ou em desacordo com determina\u00e7\u00e3o legal;<\/li><li><strong>VII.&nbsp;&nbsp;&nbsp;&nbsp;&nbsp;&nbsp;<\/strong>fumar em sala de aula e demais ambientes da escola;<\/li><li><strong>VIII.&nbsp;&nbsp;&nbsp;&nbsp;<\/strong>portar ou introduzir nas depend\u00eancias da Unidade Escolar armas, material inflam\u00e1vel ou explosivos;<\/li><li><strong>IX.&nbsp;&nbsp;&nbsp;&nbsp;&nbsp;&nbsp;&nbsp;<\/strong>portar nas depend\u00eancias da Unidade Escolar material que represente perigo para a sa\u00fade, seguran\u00e7a e integridade f\u00edsica e moral sua ou de outrem;&nbsp;<\/li><li><strong>X.&nbsp;&nbsp;&nbsp;&nbsp;&nbsp;&nbsp;&nbsp;&nbsp;&nbsp;<\/strong>impedir a entrada de alunos \u00e0s aulas ou incit\u00e1-los a aus\u00eancias coletivas;<\/li><li><strong>XI.&nbsp;&nbsp;&nbsp;&nbsp;&nbsp;&nbsp;&nbsp;<\/strong>adentrar a Escola sem o uniforme completo, conforme estipulado, inclusive para pr\u00e1ticas desportivas ou para atividades extraclasses;<\/li><li><strong>XII.&nbsp;&nbsp;&nbsp;&nbsp;&nbsp;&nbsp;<\/strong>participar de movimento de indisciplina coletiva;<\/li><li><strong>XIII.&nbsp;&nbsp;&nbsp;&nbsp;<\/strong>adulterar ou falsificar documentos escolares;<\/li><li><strong>XIV.&nbsp;&nbsp;&nbsp;&nbsp;&nbsp;&nbsp;&nbsp;<\/strong>entrar com atraso na sala de aula, sem a devida autoriza\u00e7\u00e3o;<\/li><li><strong>XV.&nbsp;&nbsp;&nbsp;&nbsp;&nbsp;<\/strong>praticar bulling e\/ou cyberbulling.<\/li><\/ol>\n","protected":false},"excerpt":{"rendered":"<p>De acordoco com o Regimento Escolar devidamente homologado junto \u00e0 Diretoria de Ensino de Bauru\/SP: Artigo 43 &#8211;&nbsp;S\u00e3o direitos do aluno: I.&nbsp;&nbsp;&nbsp;&nbsp;&nbsp;&nbsp;&nbsp;&nbsp;&nbsp;&nbsp;&nbsp;ter asseguradas as condi\u00e7\u00f5es necess\u00e1rias ao desenvolvimento de suas potencialidades na perspectiva social e individual; II.&nbsp;&nbsp;&nbsp;&nbsp;&nbsp;&nbsp;&nbsp;&nbsp;&nbsp;&nbsp;ter acesso \u00e0 cultura do seu povo e de sua \u00e9poca hist\u00f3rica; III.&nbsp;&nbsp;&nbsp;&nbsp;&nbsp;&nbsp;&nbsp;&nbsp;ter respeitada a sua hist\u00f3ria de vida [&hellip;]<\/p>\n","protected":false},"author":1,"featured_media":0,"parent":0,"menu_order":0,"comment_status":"closed","ping_status":"closed","template":"","meta":{"_acf_changed":false,"footnotes":""},"class_list":["post-1309","page","type-page","status-publish","hentry"],"acf":[],"yoast_head":"<!-- This site is optimized with the Yoast SEO plugin v27.5 - https:\/\/yoast.com\/product\/yoast-seo-wordpress\/ -->\n<title>Normas Internas - Esquema \u00danico - Bauru<\/title>\n<meta name=\"robots\" content=\"index, follow, max-snippet:-1, max-image-preview:large, max-video-preview:-1\" \/>\n<link rel=\"canonical\" href=\"https:\/\/esquemaunico.com.br\/bauru\/normas-internas\/\" \/>\n<meta property=\"og:locale\" content=\"pt_BR\" \/>\n<meta property=\"og:type\" content=\"article\" \/>\n<meta property=\"og:title\" content=\"Normas Internas - Esquema \u00danico - Bauru\" \/>\n<meta property=\"og:description\" content=\"De acordoco com o Regimento Escolar devidamente homologado junto \u00e0 Diretoria de Ensino de Bauru\/SP: Artigo 43 &#8211;&nbsp;S\u00e3o direitos do aluno: I.&nbsp;&nbsp;&nbsp;&nbsp;&nbsp;&nbsp;&nbsp;&nbsp;&nbsp;&nbsp;&nbsp;ter asseguradas as condi\u00e7\u00f5es necess\u00e1rias ao desenvolvimento de suas potencialidades na perspectiva social e individual; II.&nbsp;&nbsp;&nbsp;&nbsp;&nbsp;&nbsp;&nbsp;&nbsp;&nbsp;&nbsp;ter acesso \u00e0 cultura do seu povo e de sua \u00e9poca hist\u00f3rica; III.&nbsp;&nbsp;&nbsp;&nbsp;&nbsp;&nbsp;&nbsp;&nbsp;ter respeitada a sua hist\u00f3ria de vida [&hellip;]\" \/>\n<meta property=\"og:url\" content=\"https:\/\/esquemaunico.com.br\/bauru\/normas-internas\/\" \/>\n<meta property=\"og:site_name\" content=\"Esquema \u00danico - Bauru\" \/>\n<meta property=\"article:modified_time\" content=\"2019-11-11T20:09:54+00:00\" \/>\n<meta name=\"twitter:card\" content=\"summary_large_image\" \/>\n<meta name=\"twitter:label1\" content=\"Est. tempo de leitura\" \/>\n\t<meta name=\"twitter:data1\" content=\"5 minutos\" \/>\n<script type=\"application\/ld+json\" class=\"yoast-schema-graph\">{\"@context\":\"https:\\\/\\\/schema.org\",\"@graph\":[{\"@type\":\"WebPage\",\"@id\":\"https:\\\/\\\/esquemaunico.com.br\\\/bauru\\\/normas-internas\\\/\",\"url\":\"https:\\\/\\\/esquemaunico.com.br\\\/bauru\\\/normas-internas\\\/\",\"name\":\"Normas Internas - Esquema \u00danico - Bauru\",\"isPartOf\":{\"@id\":\"https:\\\/\\\/esquemaunico.com.br\\\/bauru\\\/#website\"},\"datePublished\":\"2019-11-11T20:09:53+00:00\",\"dateModified\":\"2019-11-11T20:09:54+00:00\",\"breadcrumb\":{\"@id\":\"https:\\\/\\\/esquemaunico.com.br\\\/bauru\\\/normas-internas\\\/#breadcrumb\"},\"inLanguage\":\"pt-BR\",\"potentialAction\":[{\"@type\":\"ReadAction\",\"target\":[\"https:\\\/\\\/esquemaunico.com.br\\\/bauru\\\/normas-internas\\\/\"]}]},{\"@type\":\"BreadcrumbList\",\"@id\":\"https:\\\/\\\/esquemaunico.com.br\\\/bauru\\\/normas-internas\\\/#breadcrumb\",\"itemListElement\":[{\"@type\":\"ListItem\",\"position\":1,\"name\":\"In\u00edcio\",\"item\":\"https:\\\/\\\/esquemaunico.com.br\\\/bauru\\\/\"},{\"@type\":\"ListItem\",\"position\":2,\"name\":\"Normas Internas\"}]},{\"@type\":\"WebSite\",\"@id\":\"https:\\\/\\\/esquemaunico.com.br\\\/bauru\\\/#website\",\"url\":\"https:\\\/\\\/esquemaunico.com.br\\\/bauru\\\/\",\"name\":\"Esquema \u00danico - Bauru\",\"description\":\"#SouMuitoMaisFelizAqui\",\"potentialAction\":[{\"@type\":\"SearchAction\",\"target\":{\"@type\":\"EntryPoint\",\"urlTemplate\":\"https:\\\/\\\/esquemaunico.com.br\\\/bauru\\\/?s={search_term_string}\"},\"query-input\":{\"@type\":\"PropertyValueSpecification\",\"valueRequired\":true,\"valueName\":\"search_term_string\"}}],\"inLanguage\":\"pt-BR\"}]}<\/script>\n<!-- \/ Yoast SEO plugin. -->","yoast_head_json":{"title":"Normas Internas - Esquema \u00danico - Bauru","robots":{"index":"index","follow":"follow","max-snippet":"max-snippet:-1","max-image-preview":"max-image-preview:large","max-video-preview":"max-video-preview:-1"},"canonical":"https:\/\/esquemaunico.com.br\/bauru\/normas-internas\/","og_locale":"pt_BR","og_type":"article","og_title":"Normas Internas - Esquema \u00danico - Bauru","og_description":"De acordoco com o Regimento Escolar devidamente homologado junto \u00e0 Diretoria de Ensino de Bauru\/SP: Artigo 43 &#8211;&nbsp;S\u00e3o direitos do aluno: I.&nbsp;&nbsp;&nbsp;&nbsp;&nbsp;&nbsp;&nbsp;&nbsp;&nbsp;&nbsp;&nbsp;ter asseguradas as condi\u00e7\u00f5es necess\u00e1rias ao desenvolvimento de suas potencialidades na perspectiva social e individual; II.&nbsp;&nbsp;&nbsp;&nbsp;&nbsp;&nbsp;&nbsp;&nbsp;&nbsp;&nbsp;ter acesso \u00e0 cultura do seu povo e de sua \u00e9poca hist\u00f3rica; III.&nbsp;&nbsp;&nbsp;&nbsp;&nbsp;&nbsp;&nbsp;&nbsp;ter respeitada a sua hist\u00f3ria de vida [&hellip;]","og_url":"https:\/\/esquemaunico.com.br\/bauru\/normas-internas\/","og_site_name":"Esquema \u00danico - Bauru","article_modified_time":"2019-11-11T20:09:54+00:00","twitter_card":"summary_large_image","twitter_misc":{"Est. tempo de leitura":"5 minutos"},"schema":{"@context":"https:\/\/schema.org","@graph":[{"@type":"WebPage","@id":"https:\/\/esquemaunico.com.br\/bauru\/normas-internas\/","url":"https:\/\/esquemaunico.com.br\/bauru\/normas-internas\/","name":"Normas Internas - Esquema \u00danico - Bauru","isPartOf":{"@id":"https:\/\/esquemaunico.com.br\/bauru\/#website"},"datePublished":"2019-11-11T20:09:53+00:00","dateModified":"2019-11-11T20:09:54+00:00","breadcrumb":{"@id":"https:\/\/esquemaunico.com.br\/bauru\/normas-internas\/#breadcrumb"},"inLanguage":"pt-BR","potentialAction":[{"@type":"ReadAction","target":["https:\/\/esquemaunico.com.br\/bauru\/normas-internas\/"]}]},{"@type":"BreadcrumbList","@id":"https:\/\/esquemaunico.com.br\/bauru\/normas-internas\/#breadcrumb","itemListElement":[{"@type":"ListItem","position":1,"name":"In\u00edcio","item":"https:\/\/esquemaunico.com.br\/bauru\/"},{"@type":"ListItem","position":2,"name":"Normas Internas"}]},{"@type":"WebSite","@id":"https:\/\/esquemaunico.com.br\/bauru\/#website","url":"https:\/\/esquemaunico.com.br\/bauru\/","name":"Esquema \u00danico - Bauru","description":"#SouMuitoMaisFelizAqui","potentialAction":[{"@type":"SearchAction","target":{"@type":"EntryPoint","urlTemplate":"https:\/\/esquemaunico.com.br\/bauru\/?s={search_term_string}"},"query-input":{"@type":"PropertyValueSpecification","valueRequired":true,"valueName":"search_term_string"}}],"inLanguage":"pt-BR"}]}},"jetpack_sharing_enabled":true,"_links":{"self":[{"href":"https:\/\/esquemaunico.com.br\/bauru\/wp-json\/wp\/v2\/pages\/1309","targetHints":{"allow":["GET"]}}],"collection":[{"href":"https:\/\/esquemaunico.com.br\/bauru\/wp-json\/wp\/v2\/pages"}],"about":[{"href":"https:\/\/esquemaunico.com.br\/bauru\/wp-json\/wp\/v2\/types\/page"}],"author":[{"embeddable":true,"href":"https:\/\/esquemaunico.com.br\/bauru\/wp-json\/wp\/v2\/users\/1"}],"replies":[{"embeddable":true,"href":"https:\/\/esquemaunico.com.br\/bauru\/wp-json\/wp\/v2\/comments?post=1309"}],"version-history":[{"count":1,"href":"https:\/\/esquemaunico.com.br\/bauru\/wp-json\/wp\/v2\/pages\/1309\/revisions"}],"predecessor-version":[{"id":1310,"href":"https:\/\/esquemaunico.com.br\/bauru\/wp-json\/wp\/v2\/pages\/1309\/revisions\/1310"}],"wp:attachment":[{"href":"https:\/\/esquemaunico.com.br\/bauru\/wp-json\/wp\/v2\/media?parent=1309"}],"curies":[{"name":"wp","href":"https:\/\/api.w.org\/{rel}","templated":true}]}}